{"id":9,"date":"2018-02-28T00:24:06","date_gmt":"2018-02-27T23:24:06","guid":{"rendered":"https:\/\/www.it-svbuero.de\/?page_id=9"},"modified":"2018-02-28T00:52:00","modified_gmt":"2018-02-27T23:52:00","slug":"strafverfahren","status":"publish","type":"page","link":"https:\/\/www.it-svbuero.de\/?page_id=9","title":{"rendered":"Strafverfahren"},"content":{"rendered":"<p>Im Strafverfahren k\u00f6nnen wir auf zweierlei Weise t\u00e4tig werden.<\/p>\n<p>Zum einen k\u00f6nnen computerforensische Gutachten im Auftrag des Gerichts, der Staatsanwaltschaften oder Polizeibeh\u00f6rden erstellt werden.<\/p>\n<p>Zum anderen k\u00f6nnen wir aber auch im Auftrag der Verteidigung die in den Akten stehenden technischen Befunde sichten und bewerten.<\/p>\n<p>Zu diesem Zweck stehen alle g\u00e4ngigen computerforensischen Werkzeuge zur Verf\u00fcgung um alle Arten von Datentr\u00e4gern (auch Mobilger\u00e4te) zu untersuchen.<\/p>\n<p>In \u00fcber 400 F\u00e4llen in den letzten 11 Jahren konnte so der Beweis der Schuld und auch der Unschuld erbracht werden.<\/p>\n","protected":false},"excerpt":{"rendered":"<p>Im Strafverfahren k\u00f6nnen wir auf zweierlei Weise t\u00e4tig werden. Zum einen k\u00f6nnen computerforensische Gutachten im Auftrag des Gerichts, der Staatsanwaltschaften oder Polizeibeh\u00f6rden erstellt werden. Zum anderen k\u00f6nnen wir aber auch im Auftrag der Verteidigung die in den Akten stehenden technischen Befunde sichten und bewerten. Zu diesem Zweck stehen alle g\u00e4ngigen computerforensischen Werkzeuge zur Verf\u00fcgung um [&hellip;]<\/p>\n","protected":false},"author":1,"featured_media":0,"parent":5,"menu_order":0,"comment_status":"closed","ping_status":"closed","template":"","meta":{"footnotes":""},"class_list":["post-9","page","type-page","status-publish","hentry"],"_links":{"self":[{"href":"https:\/\/www.it-svbuero.de\/index.php?rest_route=\/wp\/v2\/pages\/9","targetHints":{"allow":["GET"]}}],"collection":[{"href":"https:\/\/www.it-svbuero.de\/index.php?rest_route=\/wp\/v2\/pages"}],"about":[{"href":"https:\/\/www.it-svbuero.de\/index.php?rest_route=\/wp\/v2\/types\/page"}],"author":[{"embeddable":true,"href":"https:\/\/www.it-svbuero.de\/index.php?rest_route=\/wp\/v2\/users\/1"}],"replies":[{"embeddable":true,"href":"https:\/\/www.it-svbuero.de\/index.php?rest_route=%2Fwp%2Fv2%2Fcomments&post=9"}],"version-history":[{"count":1,"href":"https:\/\/www.it-svbuero.de\/index.php?rest_route=\/wp\/v2\/pages\/9\/revisions"}],"predecessor-version":[{"id":10,"href":"https:\/\/www.it-svbuero.de\/index.php?rest_route=\/wp\/v2\/pages\/9\/revisions\/10"}],"up":[{"embeddable":true,"href":"https:\/\/www.it-svbuero.de\/index.php?rest_route=\/wp\/v2\/pages\/5"}],"wp:attachment":[{"href":"https:\/\/www.it-svbuero.de\/index.php?rest_route=%2Fwp%2Fv2%2Fmedia&parent=9"}],"curies":[{"name":"wp","href":"https:\/\/api.w.org\/{rel}","templated":true}]}}