{"id":7,"date":"2018-02-28T00:23:04","date_gmt":"2018-02-27T23:23:04","guid":{"rendered":"https:\/\/www.it-svbuero.de\/?page_id=7"},"modified":"2020-04-30T05:32:18","modified_gmt":"2020-04-30T03:32:18","slug":"zivil-verfahren","status":"publish","type":"page","link":"https:\/\/www.it-svbuero.de\/?page_id=7","title":{"rendered":"Zivil-Verfahren"},"content":{"rendered":"<p>Im Rahmen eines Zivilverfahrens richtet sich die Beauftragung eines Sachverst\u00e4ndigen nach den Normen \u00a7\u00a7402 ff. ZPO. Die Parteien k\u00f6nnen einen Sachverst\u00e4ndigen vorschlagen, letztendlich w\u00e4hlt jedoch das Gericht als Auftraggeber diesen aus.<br \/>\nWir bieten absolut neutrale Gutachten in den Bereichen<\/p>\n<ul>\n<li>ERP-Systeme<\/li>\n<li>IT-Organisation<\/li>\n<li>Echtzeitsysteme<\/li>\n<li>Datennetzverkabelungen<\/li>\n<li>Datennetzsysteme<\/li>\n<li>VoiceOverIP-Systeme\/Telefonsysteme<\/li>\n<li>Telefonverkabelung<\/li>\n<li>Broadbandverkabelung<\/li>\n<li>WAN-Verkabelung<\/li>\n<li>Allg. Softwarethemen<\/li>\n<li>Bildbearbeitung<\/li>\n<li>Videoanlagen<\/li>\n<li>IP-Alarmanlagen<\/li>\n<li>Softwareevaluation<\/li>\n<li>EC-, Kreditkarten-, Tank- und andere Bezahlkarten, Onlinebanking<\/li>\n<\/ul>\n<p>an.<\/p>\n<p>Aber auch andere Themengebiete k\u00f6nnen von uns abgedeckt werden.<\/p>\n","protected":false},"excerpt":{"rendered":"<p>Im Rahmen eines Zivilverfahrens richtet sich die Beauftragung eines Sachverst\u00e4ndigen nach den Normen \u00a7\u00a7402 ff. ZPO. Die Parteien k\u00f6nnen einen Sachverst\u00e4ndigen vorschlagen, letztendlich w\u00e4hlt jedoch das Gericht als Auftraggeber diesen aus. Wir bieten absolut neutrale Gutachten in den Bereichen ERP-Systeme IT-Organisation Echtzeitsysteme Datennetzverkabelungen Datennetzsysteme VoiceOverIP-Systeme\/Telefonsysteme Telefonverkabelung Broadbandverkabelung WAN-Verkabelung Allg. Softwarethemen Bildbearbeitung Videoanlagen IP-Alarmanlagen Softwareevaluation EC-, [&hellip;]<\/p>\n","protected":false},"author":1,"featured_media":0,"parent":5,"menu_order":0,"comment_status":"closed","ping_status":"closed","template":"","meta":{"footnotes":""},"class_list":["post-7","page","type-page","status-publish","hentry"],"_links":{"self":[{"href":"https:\/\/www.it-svbuero.de\/index.php?rest_route=\/wp\/v2\/pages\/7","targetHints":{"allow":["GET"]}}],"collection":[{"href":"https:\/\/www.it-svbuero.de\/index.php?rest_route=\/wp\/v2\/pages"}],"about":[{"href":"https:\/\/www.it-svbuero.de\/index.php?rest_route=\/wp\/v2\/types\/page"}],"author":[{"embeddable":true,"href":"https:\/\/www.it-svbuero.de\/index.php?rest_route=\/wp\/v2\/users\/1"}],"replies":[{"embeddable":true,"href":"https:\/\/www.it-svbuero.de\/index.php?rest_route=%2Fwp%2Fv2%2Fcomments&post=7"}],"version-history":[{"count":2,"href":"https:\/\/www.it-svbuero.de\/index.php?rest_route=\/wp\/v2\/pages\/7\/revisions"}],"predecessor-version":[{"id":67,"href":"https:\/\/www.it-svbuero.de\/index.php?rest_route=\/wp\/v2\/pages\/7\/revisions\/67"}],"up":[{"embeddable":true,"href":"https:\/\/www.it-svbuero.de\/index.php?rest_route=\/wp\/v2\/pages\/5"}],"wp:attachment":[{"href":"https:\/\/www.it-svbuero.de\/index.php?rest_route=%2Fwp%2Fv2%2Fmedia&parent=7"}],"curies":[{"name":"wp","href":"https:\/\/api.w.org\/{rel}","templated":true}]}}