{"id":5,"date":"2018-02-28T00:21:23","date_gmt":"2018-02-27T23:21:23","guid":{"rendered":"https:\/\/www.it-svbuero.de\/?page_id=5"},"modified":"2023-01-07T00:04:25","modified_gmt":"2023-01-06T23:04:25","slug":"angebotene-leistungen","status":"publish","type":"page","link":"https:\/\/www.it-svbuero.de\/?page_id=5","title":{"rendered":"Leistungen"},"content":{"rendered":"<p>Durch die umfassende Ausbildung und Expertise unserer Mitglieder sind wir in der Lage ein breites Aufgabenspektrum abzubilden.<\/p>\n<p>Wir stehen Ihnen daher unter anderem f\u00fcr folgende Leistungen zur Verf\u00fcgung:<\/p>\n<ul>\n<li>Erstellen von Wertgutachten<\/li>\n<li>Beweissicherung<\/li>\n<li>Beweisgutachten<\/li>\n<li>Schiedsverfahren gem\u00e4\u00df \u00a7\u00a71029ff ZPO<\/li>\n<li>qualifizierte Zertifizierung von DV-Anlagen und Softwaresystemen<\/li>\n<li>Beratung im Bereich der Informationssicherheit<\/li>\n<li>Datenschutzaudits<\/li>\n<li>Datenschutzbeauftragter<\/li>\n<li>Beratung im Bereich der IT-Organisation<\/li>\n<li>Beratung im Bereich der ERP-Einf\u00fchrung und Gesch\u00e4ftsprozessoptimierung<\/li>\n<li>Escrow-Services<\/li>\n<\/ul>\n<p>Diese Leistungen erbringen wir grunds\u00e4tzlich Deutschlandweit.<\/p>\n<p>Wir sind ebenfalls spezialisiert auf die sachverst\u00e4ndige T\u00e4tigkeit im angels\u00e4chsischen Rechtsraum, namentlich Australien und Kanada.<\/p>\n","protected":false},"excerpt":{"rendered":"<p>Durch die umfassende Ausbildung und Expertise unserer Mitglieder sind wir in der Lage ein breites Aufgabenspektrum abzubilden. Wir stehen Ihnen daher unter anderem f\u00fcr folgende Leistungen zur Verf\u00fcgung: Erstellen von Wertgutachten Beweissicherung Beweisgutachten Schiedsverfahren gem\u00e4\u00df \u00a7\u00a71029ff ZPO qualifizierte Zertifizierung von DV-Anlagen und Softwaresystemen Beratung im Bereich der Informationssicherheit Datenschutzaudits Datenschutzbeauftragter Beratung im Bereich der IT-Organisation [&hellip;]<\/p>\n","protected":false},"author":1,"featured_media":0,"parent":2,"menu_order":20,"comment_status":"closed","ping_status":"closed","template":"","meta":{"footnotes":""},"class_list":["post-5","page","type-page","status-publish","hentry"],"_links":{"self":[{"href":"https:\/\/www.it-svbuero.de\/index.php?rest_route=\/wp\/v2\/pages\/5","targetHints":{"allow":["GET"]}}],"collection":[{"href":"https:\/\/www.it-svbuero.de\/index.php?rest_route=\/wp\/v2\/pages"}],"about":[{"href":"https:\/\/www.it-svbuero.de\/index.php?rest_route=\/wp\/v2\/types\/page"}],"author":[{"embeddable":true,"href":"https:\/\/www.it-svbuero.de\/index.php?rest_route=\/wp\/v2\/users\/1"}],"replies":[{"embeddable":true,"href":"https:\/\/www.it-svbuero.de\/index.php?rest_route=%2Fwp%2Fv2%2Fcomments&post=5"}],"version-history":[{"count":3,"href":"https:\/\/www.it-svbuero.de\/index.php?rest_route=\/wp\/v2\/pages\/5\/revisions"}],"predecessor-version":[{"id":46,"href":"https:\/\/www.it-svbuero.de\/index.php?rest_route=\/wp\/v2\/pages\/5\/revisions\/46"}],"up":[{"embeddable":true,"href":"https:\/\/www.it-svbuero.de\/index.php?rest_route=\/wp\/v2\/pages\/2"}],"wp:attachment":[{"href":"https:\/\/www.it-svbuero.de\/index.php?rest_route=%2Fwp%2Fv2%2Fmedia&parent=5"}],"curies":[{"name":"wp","href":"https:\/\/api.w.org\/{rel}","templated":true}]}}