{"id":28,"date":"2018-02-28T00:49:40","date_gmt":"2018-02-27T23:49:40","guid":{"rendered":"https:\/\/www.it-svbuero.de\/?page_id=28"},"modified":"2023-01-07T00:04:52","modified_gmt":"2023-01-06T23:04:52","slug":"datenschutzerklaerung","status":"publish","type":"page","link":"https:\/\/www.it-svbuero.de\/?page_id=28","title":{"rendered":"Datenschutzerkl\u00e4rung"},"content":{"rendered":"<p>Diese Seite verwendet keine Cookies.<\/p>\n<p>Es werden ebenfalls keine Trackingsysteme wie z.B. Google Analytics verwendet. Es gibt auch keinerlei Social Media Plugins.<\/p>\n<p>Die einzigen Daten, die aufgezeichnet werden sind die \u00fcblichen Web-Serverprotokolle, wie<\/p>\n<ul>\n<li>Datum und Uhrzeit des Zugriffs<\/li>\n<li>IP Adresse des zugreifenden Computers\/Internetanschlusses<\/li>\n<li>benutzter Browser<\/li>\n<li>benutztes Betriebssystem<\/li>\n<li>Referrer, die Webseite, von der aus unser Angebot aufgerufen wurde<\/li>\n<li>Aufgerufene Webseiten<\/li>\n<li>Status des Zugriffs (Erfolgreich\/Fehler mit Fehlermeldung)<\/li>\n<\/ul>\n<p>Diese Daten werden ausschlie\u00dflich zu dem Zweck der Sicherstellung der technischen Einsatzf\u00e4higkeit des Systems verwendet. Sie werden mit der Rechtsgrundlage des Artikels 6, Abs. 1 lit. f der Datenschutzgrundverordnung 2016\/679 erhoben und verarbeitet.<\/p>\n<p>Sie werden jeweils 90 Tage aufbewahrt und dann gel\u00f6scht, es sei denn es liegt ein Disput oder eine andauernde Untersuchung eines Vorfalls vor, der eine L\u00f6schung verhindert.<\/p>\n<p>Als Nutzer dieser Webseite und damit Betroffener der Datenverarbeitung haben Sie das Recht Auskunft \u00fcber die \u00fcber sie gespeicherten Daten zu erhalten (Artikel 15, Abs. I EU-DSGVO).<br \/>\nWeiterhin haben Sie das Recht, unrichtige Daten korrigieren zu lassen (Artikel 16 EU-DSGVO). Sie k\u00f6nnen die Daten auch l\u00f6schen lassen (Artikel 17 Abs. I EU-DSGVO) oder, falls es gesetzliche Vorschriften gibt, die eine L\u00f6schung untersagen, eine Sperrung der Verarbeitung veranlassen (Artikel 17 und 18 EU-DSGVO). F\u00fcr diesen Fall wenden Sie sich bitte an die im Impressum angegebene Adresse.<br \/>\nWenn Sie der Meinung sind, dass diese Datenverarbeitung rechtswidrig erfolgt, k\u00f6nnen Sie sich jederzeit bei dem zust\u00e4ndigen Datenschutzbeauftragten des Landes Hessen in Wiesbaden beschweren.<\/p>\n","protected":false},"excerpt":{"rendered":"<p>Diese Seite verwendet keine Cookies. Es werden ebenfalls keine Trackingsysteme wie z.B. Google Analytics verwendet. Es gibt auch keinerlei Social Media Plugins. Die einzigen Daten, die aufgezeichnet werden sind die \u00fcblichen Web-Serverprotokolle, wie Datum und Uhrzeit des Zugriffs IP Adresse des zugreifenden Computers\/Internetanschlusses benutzter Browser benutztes Betriebssystem Referrer, die Webseite, von der aus unser Angebot [&hellip;]<\/p>\n","protected":false},"author":1,"featured_media":0,"parent":2,"menu_order":40,"comment_status":"closed","ping_status":"closed","template":"","meta":{"footnotes":""},"class_list":["post-28","page","type-page","status-publish","hentry"],"_links":{"self":[{"href":"https:\/\/www.it-svbuero.de\/index.php?rest_route=\/wp\/v2\/pages\/28","targetHints":{"allow":["GET"]}}],"collection":[{"href":"https:\/\/www.it-svbuero.de\/index.php?rest_route=\/wp\/v2\/pages"}],"about":[{"href":"https:\/\/www.it-svbuero.de\/index.php?rest_route=\/wp\/v2\/types\/page"}],"author":[{"embeddable":true,"href":"https:\/\/www.it-svbuero.de\/index.php?rest_route=\/wp\/v2\/users\/1"}],"replies":[{"embeddable":true,"href":"https:\/\/www.it-svbuero.de\/index.php?rest_route=%2Fwp%2Fv2%2Fcomments&post=28"}],"version-history":[{"count":3,"href":"https:\/\/www.it-svbuero.de\/index.php?rest_route=\/wp\/v2\/pages\/28\/revisions"}],"predecessor-version":[{"id":49,"href":"https:\/\/www.it-svbuero.de\/index.php?rest_route=\/wp\/v2\/pages\/28\/revisions\/49"}],"up":[{"embeddable":true,"href":"https:\/\/www.it-svbuero.de\/index.php?rest_route=\/wp\/v2\/pages\/2"}],"wp:attachment":[{"href":"https:\/\/www.it-svbuero.de\/index.php?rest_route=%2Fwp%2Fv2%2Fmedia&parent=28"}],"curies":[{"name":"wp","href":"https:\/\/api.w.org\/{rel}","templated":true}]}}