{"id":26,"date":"2018-02-28T00:45:38","date_gmt":"2018-02-27T23:45:38","guid":{"rendered":"https:\/\/www.it-svbuero.de\/?page_id=26"},"modified":"2023-01-07T00:05:11","modified_gmt":"2023-01-06T23:05:11","slug":"impressum","status":"publish","type":"page","link":"https:\/\/www.it-svbuero.de\/?page_id=26","title":{"rendered":"Impressum"},"content":{"rendered":"<p><strong>Verantwortlich f\u00fcr den Inhalt und Vertretungsberechtigter des Sachverst\u00e4ndigenb\u00fcro Prof. Pausch &amp; Partner (Inhaber Mathias G\u00e4rtner)<\/strong>:<br \/>\nM. G\u00e4rtner<br \/>\nE-Mail: Mathias.Gaertner(at)it-svbuero.de<br \/>\nUmsatzsteuer-ID: DE212108421<br \/>\nBerufshaftpflicht bei Zurich Insurance plc NfD, Bonn<\/p>\n<p><strong>Ladungsf\u00e4hige Adressen:<\/strong><\/p>\n<p>B\u00fcro Darmstadt<br \/>\nHeinheimer Strasse 38<br \/>\nD-64289 Darmstadt<br \/>\nTel.: 06151 \u2013 97 12 640<br \/>\nFax.: 06151 \u2013 97 12 641<\/p>\n<p>B\u00fcro Gr\u00fcnstadt<br \/>\nIm Park 9<br \/>\nD-67310 Hettenleidelheim<br \/>\nTel.: 06351 \u2013 135 900 0<br \/>\nFax.: 06351 \u2013 135 900 1<\/p>\n<p>B\u00fcro Bayreuth\/Pegnitz<br \/>\nDr.-Hans-Friedel-Stra\u00dfe 5<br \/>\nD-95500 Heinersreuth<br \/>\nTel.: 09241 \u2013 735 900 0<br \/>\nFax.: 09241 \u2013 735 900 1<\/p>\n<p>Mobiltelefone<br \/>\nDipl.-Ing. Mathias G\u00e4rtner 0170 \u2013 78 55 52 2<\/p>\n","protected":false},"excerpt":{"rendered":"<p>Verantwortlich f\u00fcr den Inhalt und Vertretungsberechtigter des Sachverst\u00e4ndigenb\u00fcro Prof. Pausch &amp; Partner (Inhaber Mathias G\u00e4rtner): M. G\u00e4rtner E-Mail: Mathias.Gaertner(at)it-svbuero.de Umsatzsteuer-ID: DE212108421 Berufshaftpflicht bei Zurich Insurance plc NfD, Bonn Ladungsf\u00e4hige Adressen: B\u00fcro Darmstadt Heinheimer Strasse 38 D-64289 Darmstadt Tel.: 06151 \u2013 97 12 640 Fax.: 06151 \u2013 97 12 641 B\u00fcro Gr\u00fcnstadt Im Park 9 D-67310 [&hellip;]<\/p>\n","protected":false},"author":1,"featured_media":0,"parent":2,"menu_order":50,"comment_status":"closed","ping_status":"closed","template":"","meta":{"footnotes":""},"class_list":["post-26","page","type-page","status-publish","hentry"],"_links":{"self":[{"href":"https:\/\/www.it-svbuero.de\/index.php?rest_route=\/wp\/v2\/pages\/26","targetHints":{"allow":["GET"]}}],"collection":[{"href":"https:\/\/www.it-svbuero.de\/index.php?rest_route=\/wp\/v2\/pages"}],"about":[{"href":"https:\/\/www.it-svbuero.de\/index.php?rest_route=\/wp\/v2\/types\/page"}],"author":[{"embeddable":true,"href":"https:\/\/www.it-svbuero.de\/index.php?rest_route=\/wp\/v2\/users\/1"}],"replies":[{"embeddable":true,"href":"https:\/\/www.it-svbuero.de\/index.php?rest_route=%2Fwp%2Fv2%2Fcomments&post=26"}],"version-history":[{"count":4,"href":"https:\/\/www.it-svbuero.de\/index.php?rest_route=\/wp\/v2\/pages\/26\/revisions"}],"predecessor-version":[{"id":75,"href":"https:\/\/www.it-svbuero.de\/index.php?rest_route=\/wp\/v2\/pages\/26\/revisions\/75"}],"up":[{"embeddable":true,"href":"https:\/\/www.it-svbuero.de\/index.php?rest_route=\/wp\/v2\/pages\/2"}],"wp:attachment":[{"href":"https:\/\/www.it-svbuero.de\/index.php?rest_route=%2Fwp%2Fv2%2Fmedia&parent=26"}],"curies":[{"name":"wp","href":"https:\/\/api.w.org\/{rel}","templated":true}]}}