{"id":24,"date":"2018-02-28T00:43:33","date_gmt":"2018-02-27T23:43:33","guid":{"rendered":"https:\/\/www.it-svbuero.de\/?page_id=24"},"modified":"2018-02-28T00:43:33","modified_gmt":"2018-02-27T23:43:33","slug":"privatgutachten","status":"publish","type":"page","link":"https:\/\/www.it-svbuero.de\/?page_id=24","title":{"rendered":"Privatgutachten"},"content":{"rendered":"<p>Ein Gutachten im Privatauftrag durch Firmen oder aber auch durch nat\u00fcrliche Personen kann u.a. dazu genutzt werden, um in einem Projekt den Projektstand und eventuelle Hindernisse zu identifizieren,beiden Projektpartnern eine neutrale Instanz f\u00fcr die Bewertung von Projektergebnissen zu liefern,<br \/>\neine Grundlage f\u00fcr eine Verhandlung mit der jeweiligen anderen Seite zu haben und einen m\u00f6glichen Stand der Technik zu finden.<\/p>\n<p>Diese Aufgaben k\u00f6nnen u.a. f\u00fcr die Bereiche<\/p>\n<ul>\n<li>Computerforensik (wurden z.B. illegale Handlungen vorgenommen?)<\/li>\n<li>ERP-Projekte<\/li>\n<li>Softwareentwicklung (u.a. Copyright-Evaluation)<\/li>\n<li>Patentverletzungen<\/li>\n<li>Geschmacksmusterverletzungen<\/li>\n<li>Rechenzentrumsinfrastrukturprojekte<\/li>\n<li>Netzwerkprojekte (LAN, WAN und VoIP)<\/li>\n<li>Computerforensische Auswertungen<\/li>\n<li>Projektmanagementfragen<\/li>\n<\/ul>\n<p>erbracht werden.<\/p>\n","protected":false},"excerpt":{"rendered":"<p>Ein Gutachten im Privatauftrag durch Firmen oder aber auch durch nat\u00fcrliche Personen kann u.a. dazu genutzt werden, um in einem Projekt den Projektstand und eventuelle Hindernisse zu identifizieren,beiden Projektpartnern eine neutrale Instanz f\u00fcr die Bewertung von Projektergebnissen zu liefern, eine Grundlage f\u00fcr eine Verhandlung mit der jeweiligen anderen Seite zu haben und einen m\u00f6glichen Stand [&hellip;]<\/p>\n","protected":false},"author":1,"featured_media":0,"parent":5,"menu_order":0,"comment_status":"closed","ping_status":"closed","template":"","meta":{"footnotes":""},"class_list":["post-24","page","type-page","status-publish","hentry"],"_links":{"self":[{"href":"https:\/\/www.it-svbuero.de\/index.php?rest_route=\/wp\/v2\/pages\/24","targetHints":{"allow":["GET"]}}],"collection":[{"href":"https:\/\/www.it-svbuero.de\/index.php?rest_route=\/wp\/v2\/pages"}],"about":[{"href":"https:\/\/www.it-svbuero.de\/index.php?rest_route=\/wp\/v2\/types\/page"}],"author":[{"embeddable":true,"href":"https:\/\/www.it-svbuero.de\/index.php?rest_route=\/wp\/v2\/users\/1"}],"replies":[{"embeddable":true,"href":"https:\/\/www.it-svbuero.de\/index.php?rest_route=%2Fwp%2Fv2%2Fcomments&post=24"}],"version-history":[{"count":1,"href":"https:\/\/www.it-svbuero.de\/index.php?rest_route=\/wp\/v2\/pages\/24\/revisions"}],"predecessor-version":[{"id":25,"href":"https:\/\/www.it-svbuero.de\/index.php?rest_route=\/wp\/v2\/pages\/24\/revisions\/25"}],"up":[{"embeddable":true,"href":"https:\/\/www.it-svbuero.de\/index.php?rest_route=\/wp\/v2\/pages\/5"}],"wp:attachment":[{"href":"https:\/\/www.it-svbuero.de\/index.php?rest_route=%2Fwp%2Fv2%2Fmedia&parent=24"}],"curies":[{"name":"wp","href":"https:\/\/api.w.org\/{rel}","templated":true}]}}