{"id":22,"date":"2018-02-28T00:42:04","date_gmt":"2018-02-27T23:42:04","guid":{"rendered":"https:\/\/www.it-svbuero.de\/?page_id=22"},"modified":"2018-02-28T00:42:04","modified_gmt":"2018-02-27T23:42:04","slug":"datenschutz","status":"publish","type":"page","link":"https:\/\/www.it-svbuero.de\/?page_id=22","title":{"rendered":"Datenschutz"},"content":{"rendered":"<p>Im Bereich des Datenschutzes k\u00f6nnen wir Ihnen die wesentlichen Dienste<\/p>\n<p>Datenschutzaudit und<br \/>\nBestellung als externer Datenschutzbeauftragter<\/p>\n<p>anbieten.<\/p>\n<p>Der Datenschutzaudit gibt Ihnen die M\u00f6glichkeit Ihren Stand der technischen und organisatorischen Umsetzung der rechtlichen Vorgaben des Datenschutzrechts zu \u00fcberpr\u00fcfen und kann,<br \/>\nbei erfolgreicher Pr\u00fcfung, auch als Nachweis Kunden gegen\u00fcber dienen.<\/p>\n<p>Als externer Datenschutzbeauftragter helfen wir Ihnen bei der regelm\u00e4\u00dfigen Umsetzung datenschutzrechtlicher Belange und erarbeiten L\u00f6sungen f\u00fcr Ihre Aufgaben.<\/p>\n","protected":false},"excerpt":{"rendered":"<p>Im Bereich des Datenschutzes k\u00f6nnen wir Ihnen die wesentlichen Dienste Datenschutzaudit und Bestellung als externer Datenschutzbeauftragter anbieten. Der Datenschutzaudit gibt Ihnen die M\u00f6glichkeit Ihren Stand der technischen und organisatorischen Umsetzung der rechtlichen Vorgaben des Datenschutzrechts zu \u00fcberpr\u00fcfen und kann, bei erfolgreicher Pr\u00fcfung, auch als Nachweis Kunden gegen\u00fcber dienen. Als externer Datenschutzbeauftragter helfen wir Ihnen bei [&hellip;]<\/p>\n","protected":false},"author":1,"featured_media":0,"parent":5,"menu_order":0,"comment_status":"closed","ping_status":"closed","template":"","meta":{"footnotes":""},"class_list":["post-22","page","type-page","status-publish","hentry"],"_links":{"self":[{"href":"https:\/\/www.it-svbuero.de\/index.php?rest_route=\/wp\/v2\/pages\/22","targetHints":{"allow":["GET"]}}],"collection":[{"href":"https:\/\/www.it-svbuero.de\/index.php?rest_route=\/wp\/v2\/pages"}],"about":[{"href":"https:\/\/www.it-svbuero.de\/index.php?rest_route=\/wp\/v2\/types\/page"}],"author":[{"embeddable":true,"href":"https:\/\/www.it-svbuero.de\/index.php?rest_route=\/wp\/v2\/users\/1"}],"replies":[{"embeddable":true,"href":"https:\/\/www.it-svbuero.de\/index.php?rest_route=%2Fwp%2Fv2%2Fcomments&post=22"}],"version-history":[{"count":1,"href":"https:\/\/www.it-svbuero.de\/index.php?rest_route=\/wp\/v2\/pages\/22\/revisions"}],"predecessor-version":[{"id":23,"href":"https:\/\/www.it-svbuero.de\/index.php?rest_route=\/wp\/v2\/pages\/22\/revisions\/23"}],"up":[{"embeddable":true,"href":"https:\/\/www.it-svbuero.de\/index.php?rest_route=\/wp\/v2\/pages\/5"}],"wp:attachment":[{"href":"https:\/\/www.it-svbuero.de\/index.php?rest_route=%2Fwp%2Fv2%2Fmedia&parent=22"}],"curies":[{"name":"wp","href":"https:\/\/api.w.org\/{rel}","templated":true}]}}