{"id":2,"date":"2018-02-22T04:03:21","date_gmt":"2018-02-22T03:03:21","guid":{"rendered":"https:\/\/www.it-svbuero.de\/?page_id=2"},"modified":"2025-01-10T01:12:32","modified_gmt":"2025-01-10T00:12:32","slug":"sv-buero-prof-pausch-partner","status":"publish","type":"page","link":"https:\/\/www.it-svbuero.de\/","title":{"rendered":"Home"},"content":{"rendered":"<p>Das Sachverst\u00e4ndigenb\u00fcro Prof. Pausch &amp; Partner (GbR) steht seit mehr als 40 Jahren f\u00fcr Qualit\u00e4t und Sachkunde.<\/p>\n<p>Unsere Mitglieder haben durchwegs langj\u00e4hrige Erfahrung auf ihren jeweiligen Fachgebieten.<br \/>Der Nachweis der besonderen Sachkunde nach \u00a7 36 GewO, sowie die \u00f6ffentliche Bestellung zum vereidigten Sachverst\u00e4ndigen eines Mitglieds bildet nur die Grundlage der Expertise, weitere Qualifikationen sind die Regel.<br \/>Eine st\u00e4ndige Weiterbildung garantiert h\u00f6chstes Niveau.<\/p>\n<p>Durch Kooperationen mit anderen Sachverst\u00e4ndigen k\u00f6nnen auch sehr gro\u00dfe und komplexe Projekte durchgef\u00fchrt werden.<\/p>\n<p>Wir freuen uns auf Ihre Kontaktaufnahme.<\/p>\n<p>In eigener Sache: Es kann sein, dass Sie Schwierigkeiten haben uns per E-Mail zu erreichen. Dies ist sehr wahrscheinlich darin begr\u00fcndet, dass Sie einen Provider verwenden, der sich nicht um die Sicherheit seiner Kunden schert.<\/p>\n<p>Wir sehen gut 1.500 Angriffe auf unsere E-Mailinfrastruktur pro Tag und schicken den zust\u00e4ndigen Providern jeden Tag eine Liste der IP Adressen, die die Angriffe verursachen. Damit k\u00f6nnten dann die Provider wiederum Ihre Kunden informieren um das Problem zu beseitigen. Leider gibt es Provider die das nicht interessiert. Entweder<\/p>\n<ul>\n<li>haben sie gar keine g\u00fcltige E-Mailaddresse zum Reporten oder<\/li>\n<li>beachten diese Mailbox gar nicht oder<\/li>\n<li>geben offen zu, dass sie sowas nicht interessiert (&#8222;Unsere policy ist das das an die Polizei gemeldet werden muss, andernfalls interessiert es uns nicht&#8220;) oder<\/li>\n<li>ignorieren die Informationen<\/li>\n<\/ul>\n<p>Wenn wir auf so einen Provider sto\u00dfen wird dessen IP-Adressbereich f\u00fcr ein Jahr komplett gesperrt. Das betrifft dann auch die Mailserver.<\/p>\n<p>Wenn Sie also keine E-Mail an uns versenden k\u00f6nnen rufen Sie uns bitte an so das wir Wege finden zu kommunizieren. UNd es ist sicherlich keine schlechte Idee sich mit Ihrem Provider diesbez\u00fcglich auszutauschen.<\/p>\n\n\n<p><\/p>\n","protected":false},"excerpt":{"rendered":"<p>Das Sachverst\u00e4ndigenb\u00fcro Prof. Pausch &amp; Partner (GbR) steht seit mehr als 40 Jahren f\u00fcr Qualit\u00e4t und Sachkunde. Unsere Mitglieder haben durchwegs langj\u00e4hrige Erfahrung auf ihren jeweiligen Fachgebieten.Der Nachweis der besonderen Sachkunde nach \u00a7 36 GewO, sowie die \u00f6ffentliche Bestellung zum vereidigten Sachverst\u00e4ndigen eines Mitglieds bildet nur die Grundlage der Expertise, weitere Qualifikationen sind die Regel.Eine [&hellip;]<\/p>\n","protected":false},"author":1,"featured_media":0,"parent":0,"menu_order":0,"comment_status":"closed","ping_status":"closed","template":"","meta":{"footnotes":""},"class_list":["post-2","page","type-page","status-publish","hentry"],"_links":{"self":[{"href":"https:\/\/www.it-svbuero.de\/index.php?rest_route=\/wp\/v2\/pages\/2","targetHints":{"allow":["GET"]}}],"collection":[{"href":"https:\/\/www.it-svbuero.de\/index.php?rest_route=\/wp\/v2\/pages"}],"about":[{"href":"https:\/\/www.it-svbuero.de\/index.php?rest_route=\/wp\/v2\/types\/page"}],"author":[{"embeddable":true,"href":"https:\/\/www.it-svbuero.de\/index.php?rest_route=\/wp\/v2\/users\/1"}],"replies":[{"embeddable":true,"href":"https:\/\/www.it-svbuero.de\/index.php?rest_route=%2Fwp%2Fv2%2Fcomments&post=2"}],"version-history":[{"count":7,"href":"https:\/\/www.it-svbuero.de\/index.php?rest_route=\/wp\/v2\/pages\/2\/revisions"}],"predecessor-version":[{"id":161,"href":"https:\/\/www.it-svbuero.de\/index.php?rest_route=\/wp\/v2\/pages\/2\/revisions\/161"}],"wp:attachment":[{"href":"https:\/\/www.it-svbuero.de\/index.php?rest_route=%2Fwp%2Fv2%2Fmedia&parent=2"}],"curies":[{"name":"wp","href":"https:\/\/api.w.org\/{rel}","templated":true}]}}