{"id":19,"date":"2018-02-28T00:39:57","date_gmt":"2018-02-27T23:39:57","guid":{"rendered":"https:\/\/www.it-svbuero.de\/?page_id=19"},"modified":"2023-01-07T00:00:09","modified_gmt":"2023-01-06T23:00:09","slug":"dr-simone-richter","status":"publish","type":"page","link":"https:\/\/www.it-svbuero.de\/?page_id=19","title":{"rendered":"Dr. Simone Richter"},"content":{"rendered":"<p><strong><img loading=\"lazy\" decoding=\"async\" class=\"alignleft size-full wp-image-20\" src=\"https:\/\/www.it-svbuero.de\/wp-content\/uploads\/2018\/02\/Simone-klein.jpg\" alt=\"\" width=\"133\" height=\"200\" \/><\/strong><\/p>\n<p><strong>Ausbildung:<\/strong><\/p>\n<ul>\n<li>Studium der Physik<\/li>\n<li>Promotion \u00fcber die Errichtung einer Echtzeit-Beschleunigersteuerung<\/li>\n<li>Grundlagenzertifikat Medizinische Physik und Technik, Schwerpunkt Strahlentherapie und Bildverarbeitung<\/li>\n<li>Master of Management Malik<\/li>\n<\/ul>\n<p><strong>Berufserfahrung:<\/strong><\/p>\n<ul>\n<li>Wissenschaftliche Mitarbeiterin im Bereich Beschleunigersteuerung eines supraleitenden Linearbeschleunigers<\/li>\n<li>Wissenschaftliche Mitarbeiterin im Bereich Beschleunigerphysik der Gesellschaft f\u00fcr Schwerionenforschung mbH<\/li>\n<li>Kaufm\u00e4nnische Gesch\u00e4ftsf\u00fchrerin der FAIR GmbH (bis 2012)<\/li>\n<li>Kuratoriumsmitglied des Richard-Merten-Preises (bis 2011)<\/li>\n<li>EDV-Sachverst\u00e4ndige, \u00f6ffentlich bestellt und vereidigt bis 2016<\/li>\n<li>Group Executive Australian Nuclear Science and Technology Organisation Australia, NST-LI von 2016 bis 2021<\/li>\n<li>Director Digital Transformation CSIRO ab 2021<\/li>\n<\/ul>\n","protected":false},"excerpt":{"rendered":"<p>Ausbildung: Studium der Physik Promotion \u00fcber die Errichtung einer Echtzeit-Beschleunigersteuerung Grundlagenzertifikat Medizinische Physik und Technik, Schwerpunkt Strahlentherapie und Bildverarbeitung Master of Management Malik Berufserfahrung: Wissenschaftliche Mitarbeiterin im Bereich Beschleunigersteuerung eines supraleitenden Linearbeschleunigers Wissenschaftliche Mitarbeiterin im Bereich Beschleunigerphysik der Gesellschaft f\u00fcr Schwerionenforschung mbH Kaufm\u00e4nnische Gesch\u00e4ftsf\u00fchrerin der FAIR GmbH (bis 2012) Kuratoriumsmitglied des Richard-Merten-Preises (bis 2011) EDV-Sachverst\u00e4ndige, [&hellip;]<\/p>\n","protected":false},"author":1,"featured_media":0,"parent":13,"menu_order":0,"comment_status":"closed","ping_status":"closed","template":"","meta":{"footnotes":""},"class_list":["post-19","page","type-page","status-publish","hentry"],"_links":{"self":[{"href":"https:\/\/www.it-svbuero.de\/index.php?rest_route=\/wp\/v2\/pages\/19","targetHints":{"allow":["GET"]}}],"collection":[{"href":"https:\/\/www.it-svbuero.de\/index.php?rest_route=\/wp\/v2\/pages"}],"about":[{"href":"https:\/\/www.it-svbuero.de\/index.php?rest_route=\/wp\/v2\/types\/page"}],"author":[{"embeddable":true,"href":"https:\/\/www.it-svbuero.de\/index.php?rest_route=\/wp\/v2\/users\/1"}],"replies":[{"embeddable":true,"href":"https:\/\/www.it-svbuero.de\/index.php?rest_route=%2Fwp%2Fv2%2Fcomments&post=19"}],"version-history":[{"count":2,"href":"https:\/\/www.it-svbuero.de\/index.php?rest_route=\/wp\/v2\/pages\/19\/revisions"}],"predecessor-version":[{"id":92,"href":"https:\/\/www.it-svbuero.de\/index.php?rest_route=\/wp\/v2\/pages\/19\/revisions\/92"}],"up":[{"embeddable":true,"href":"https:\/\/www.it-svbuero.de\/index.php?rest_route=\/wp\/v2\/pages\/13"}],"wp:attachment":[{"href":"https:\/\/www.it-svbuero.de\/index.php?rest_route=%2Fwp%2Fv2%2Fmedia&parent=19"}],"curies":[{"name":"wp","href":"https:\/\/api.w.org\/{rel}","templated":true}]}}