{"id":15,"date":"2018-02-28T00:36:16","date_gmt":"2018-02-27T23:36:16","guid":{"rendered":"https:\/\/www.it-svbuero.de\/?page_id=15"},"modified":"2019-11-28T06:37:23","modified_gmt":"2019-11-28T05:37:23","slug":"mathias-gaertner","status":"publish","type":"page","link":"https:\/\/www.it-svbuero.de\/?page_id=15","title":{"rendered":"Mathias G\u00e4rtner"},"content":{"rendered":"<p><img loading=\"lazy\" decoding=\"async\" class=\"alignleft size-full wp-image-17\" src=\"https:\/\/www.it-svbuero.de\/wp-content\/uploads\/2018\/02\/Mathias-Klein.jpg\" alt=\"\" width=\"134\" height=\"200\" \/>Von der Industrie- und Handelskammer Darmstadt \u00f6ffentlich bestellter und vereidigter Sachverst\u00e4ndiger f\u00fcr das Sachgebiet Systeme und Anwendungen der Informationsverarbeitung f\u00fcr den Bereich Netzwerktechnik<\/p>\n<p><strong>Ausbildung:<\/strong><\/p>\n<ul>\n<li>Studium des Maschinenbaus an der TH Darmstadt (Diplom 1992)<\/li>\n<li>Weiterbildung zum CCIE #11220 (M\u00e4rz 2003), emeritus seit 2015<\/li>\n<li>Studium zum Bachelor of Law, Teilzeit (7 Semester, ohne Abschluss)<\/li>\n<li>Bef\u00e4higung zum externen Datenschutzbeauftragten<\/li>\n<\/ul>\n<p><strong>Expertisen :<\/strong><\/p>\n<ul>\n<li>Betriebsleitung des EDV-Bereiches eines Servicecenters im Bereich der Forschung (bis einschlie\u00dflich 2003)<\/li>\n<li>Leiter des Kompetenzzentrums LAN-Management der Fraunhofergesellschaft e.V. (bis einschlie\u00dflich 2008), verantwortlicher Fachplaner der IT-Infrastruktur<\/li>\n<li>Mitbegr\u00fcnder und -leiter des Arbeitskreises IT-Leitertreff der IHK Darmstadt (von 2003 bis 2012)<\/li>\n<li>Lehrbeauftragter der FH Aschaffenburg f\u00fcr Grundlagen von Datenbanken f\u00fcr Betriebswirtschaftsstudenten (WS 2002\/2003)<\/li>\n<li>Lehrbeauftragter der FH W\u00fcrzburg f\u00fcr Grundlagen der Datenverarbeitung f\u00fcr Betriebswirtschaftsstudenten (WS 2003\/2004, WS 2004\/2005, WS 2005\/2006)<\/li>\n<li>Lehrbeauftragter der FH W\u00fcrzburg f\u00fcr Grundlagen der Datenverarbeitung f\u00fcr Medieninformatiker im Fachbereich Betriebswirtschaft (SS 2004, SS 2005)<\/li>\n<li>Lehrbeauftragter der FH Darmstadt f\u00fcr Telekommunikation (Routing und Switching) im Fachbereich Informatik (Sommersemester 2005 bis Wintersemester 2017\/2018)<\/li>\n<li>Lehrbeauftragter der FH Darmstadt f\u00fcr Computer Forensik im Fachbereich Informatik (SS 2012)<\/li>\n<li>Lehrbeauftragter Netzwerke der DHBW L\u00f6rrach 2016 und 2017<\/li>\n<li>Externer Datenschutzbeauftragter seit 2010<\/li>\n<li>Finanzvorstand der NIFIS e.V. seit 2007, zweiter Vorsitzender seit 2009<\/li>\n<li>Vice Chairman Global Information Security Forum des Diplomatic Councils (seit 2013)<\/li>\n<li>Von der IHK Darmstadt \u00f6ffentlich bestellter und vereidigter Sachverst\u00e4ndiger f\u00fcr Systeme und Anwendungen der Informationsverarbeitung f\u00fcr den Bereich Netzwerktechnik<\/li>\n<li>Mitglied des Steuerkreises der Initiative \u201cIT-Sicherheit in der Wirtschaft\u201d des Bundeswirtschaftsministers<\/li>\n<li>Mitglied des Programmkomitees der WorldForensicConference 2011, 2012 und 2017 in Dalian\/China und Chonquin\/China<\/li>\n<li>Mitglied der Australian Computer Society, MACS Snr CP (cyber security), IP3P<\/li>\n<\/ul>\n","protected":false},"excerpt":{"rendered":"<p>Von der Industrie- und Handelskammer Darmstadt \u00f6ffentlich bestellter und vereidigter Sachverst\u00e4ndiger f\u00fcr das Sachgebiet Systeme und Anwendungen der Informationsverarbeitung f\u00fcr den Bereich Netzwerktechnik Ausbildung: Studium des Maschinenbaus an der TH Darmstadt (Diplom 1992) Weiterbildung zum CCIE #11220 (M\u00e4rz 2003), emeritus seit 2015 Studium zum Bachelor of Law, Teilzeit (7 Semester, ohne Abschluss) Bef\u00e4higung zum externen [&hellip;]<\/p>\n","protected":false},"author":1,"featured_media":0,"parent":13,"menu_order":0,"comment_status":"closed","ping_status":"closed","template":"","meta":{"footnotes":""},"class_list":["post-15","page","type-page","status-publish","hentry"],"_links":{"self":[{"href":"https:\/\/www.it-svbuero.de\/index.php?rest_route=\/wp\/v2\/pages\/15","targetHints":{"allow":["GET"]}}],"collection":[{"href":"https:\/\/www.it-svbuero.de\/index.php?rest_route=\/wp\/v2\/pages"}],"about":[{"href":"https:\/\/www.it-svbuero.de\/index.php?rest_route=\/wp\/v2\/types\/page"}],"author":[{"embeddable":true,"href":"https:\/\/www.it-svbuero.de\/index.php?rest_route=\/wp\/v2\/users\/1"}],"replies":[{"embeddable":true,"href":"https:\/\/www.it-svbuero.de\/index.php?rest_route=%2Fwp%2Fv2%2Fcomments&post=15"}],"version-history":[{"count":2,"href":"https:\/\/www.it-svbuero.de\/index.php?rest_route=\/wp\/v2\/pages\/15\/revisions"}],"predecessor-version":[{"id":64,"href":"https:\/\/www.it-svbuero.de\/index.php?rest_route=\/wp\/v2\/pages\/15\/revisions\/64"}],"up":[{"embeddable":true,"href":"https:\/\/www.it-svbuero.de\/index.php?rest_route=\/wp\/v2\/pages\/13"}],"wp:attachment":[{"href":"https:\/\/www.it-svbuero.de\/index.php?rest_route=%2Fwp%2Fv2%2Fmedia&parent=15"}],"curies":[{"name":"wp","href":"https:\/\/api.w.org\/{rel}","templated":true}]}}