{"id":11,"date":"2018-02-28T00:25:21","date_gmt":"2018-02-27T23:25:21","guid":{"rendered":"https:\/\/www.it-svbuero.de\/?page_id=11"},"modified":"2018-02-28T00:51:44","modified_gmt":"2018-02-27T23:51:44","slug":"escrow","status":"publish","type":"page","link":"https:\/\/www.it-svbuero.de\/?page_id=11","title":{"rendered":"Escrow"},"content":{"rendered":"<p>Das Sachverst\u00e4ndigenb\u00fcro bietet neben der Erstellung von Gutachten auch den Dienst eines Escrow-Services an.<\/p>\n<p>Im Rahmen eines Escrow-Dienstes wird der Source-Code eines Programmsystems durch den Entwickler beim Sachverst\u00e4ndigenb\u00fcro hinterlegt.<\/p>\n<p>Es werden ausl\u00f6sende Bedingungen vereinbart, die festlegen, unter welchen Umst\u00e4nden der Sachverst\u00e4ndige diesen Source-Code an Kunden des Entwicklers weitergeben darf.<\/p>\n<p>Unsere Leistungen umfassen nicht nur die sachgerechte Aufbewahrung von Source-Codes sondern auch die Pr\u00fcfung, inwieweit der hinterlegte Code bestimmten Anspr\u00fcchen gen\u00fcgt, wie z.B<\/p>\n<ul>\n<li>Ausreichende Dokumentation, so dass ein Dritter sich einarbeiten kann<\/li>\n<li>Compilierbarkeit<\/li>\n<li>Lauff\u00e4higkeit des Ergebnisses auf bestimmten Systemen<\/li>\n<li>Generelle Funktionstests<\/li>\n<\/ul>\n<p>Sprechen Sie uns mit Ihrem konkreten Problem an.<\/p>\n","protected":false},"excerpt":{"rendered":"<p>Das Sachverst\u00e4ndigenb\u00fcro bietet neben der Erstellung von Gutachten auch den Dienst eines Escrow-Services an. Im Rahmen eines Escrow-Dienstes wird der Source-Code eines Programmsystems durch den Entwickler beim Sachverst\u00e4ndigenb\u00fcro hinterlegt. Es werden ausl\u00f6sende Bedingungen vereinbart, die festlegen, unter welchen Umst\u00e4nden der Sachverst\u00e4ndige diesen Source-Code an Kunden des Entwicklers weitergeben darf. Unsere Leistungen umfassen nicht nur die [&hellip;]<\/p>\n","protected":false},"author":1,"featured_media":0,"parent":5,"menu_order":0,"comment_status":"closed","ping_status":"closed","template":"","meta":{"footnotes":""},"class_list":["post-11","page","type-page","status-publish","hentry"],"_links":{"self":[{"href":"https:\/\/www.it-svbuero.de\/index.php?rest_route=\/wp\/v2\/pages\/11","targetHints":{"allow":["GET"]}}],"collection":[{"href":"https:\/\/www.it-svbuero.de\/index.php?rest_route=\/wp\/v2\/pages"}],"about":[{"href":"https:\/\/www.it-svbuero.de\/index.php?rest_route=\/wp\/v2\/types\/page"}],"author":[{"embeddable":true,"href":"https:\/\/www.it-svbuero.de\/index.php?rest_route=\/wp\/v2\/users\/1"}],"replies":[{"embeddable":true,"href":"https:\/\/www.it-svbuero.de\/index.php?rest_route=%2Fwp%2Fv2%2Fcomments&post=11"}],"version-history":[{"count":1,"href":"https:\/\/www.it-svbuero.de\/index.php?rest_route=\/wp\/v2\/pages\/11\/revisions"}],"predecessor-version":[{"id":12,"href":"https:\/\/www.it-svbuero.de\/index.php?rest_route=\/wp\/v2\/pages\/11\/revisions\/12"}],"up":[{"embeddable":true,"href":"https:\/\/www.it-svbuero.de\/index.php?rest_route=\/wp\/v2\/pages\/5"}],"wp:attachment":[{"href":"https:\/\/www.it-svbuero.de\/index.php?rest_route=%2Fwp%2Fv2%2Fmedia&parent=11"}],"curies":[{"name":"wp","href":"https:\/\/api.w.org\/{rel}","templated":true}]}}